{"id":2853,"date":"2024-01-24T16:22:57","date_gmt":"2024-01-24T15:22:57","guid":{"rendered":"https:\/\/novafemina.com\/?post_type=product&#038;p=2853"},"modified":"2025-06-14T21:42:39","modified_gmt":"2025-06-14T19:42:39","slug":"manteaux-camel","status":"publish","type":"product","link":"https:\/\/novafemina.com\/?product=manteaux-camel","title":{"rendered":"Manteau Camel"},"content":{"rendered":"<div class=\"w-full text-token-text-primary\" data-testid=\"conversation-turn-276\">\n<div class=\"px-4 py-2 justify-center text-base md:gap-6 m-auto\">\n<div class=\"flex flex-1 text-base mx-auto gap-3 md:px-5 lg:px-1 xl:px-5 md:max-w-3xl lg:max-w-[40rem] xl:max-w-[48rem] group\">\n<div class=\"relative flex w-full flex-col lg:w-[calc(100%-115px)] agent-turn\">\n<div class=\"flex-col gap-1 md:gap-3\">\n<div class=\"flex flex-grow flex-col max-w-full\">\n<div class=\"min-h-[20px] text-message flex flex-col items-start gap-3 whitespace-pre-wrap break-words [.text-message+&amp;]:mt-5 overflow-x-auto\" data-message-author-role=\"assistant\" data-message-id=\"dac67646-5a92-48e2-b639-ac9cf54178f1\">\n<div class=\"markdown prose w-full break-words dark:prose-invert dark\">\n<p>Con\u00e7u pour allier chaleur et \u00e9l\u00e9gance, ce manteau apporte une touche de sophistication \u00e0 votre garde-robe. La teinte camel, intemporelle et polyvalente, en fait une pi\u00e8ce ma\u00eetresse pour toutes les occasions. Avec une coupe qui allie confort et allure, ce manteau devient un incontournable pour affronter le froid avec style. Optez pour l&rsquo;\u00e9l\u00e9gance classique avec notre manteau camel, une pi\u00e8ce qui incarne le chic intemporel.<\/p>\n<\/div>\n<\/div>\n<\/div>\n<div class=\"mt-1 flex justify-start gap-3 empty:hidden\">\n<div class=\"text-gray-400 flex self-end lg:self-center justify-center lg:justify-start mt-0 -ml-1 visible\">\n<p>&nbsp;<\/p>\n<div class=\"flex\"><\/div>\n<\/div>\n<\/div>\n<\/div>\n<\/div>\n<\/div>\n<\/div>\n<\/div>\n<div class=\"w-full text-token-text-primary\" data-testid=\"conversation-turn-277\">\n<div class=\"px-4 py-2 justify-center text-base md:gap-6 m-auto\">\n<div class=\"flex flex-1 text-base mx-auto gap-3 md:px-5 lg:px-1 xl:px-5 md:max-w-3xl lg:max-w-[40rem] xl:max-w-[48rem] group\">\n<div class=\"flex-shrink-0 flex flex-col relative items-end\">\n<div>\n<div class=\"pt-0.5\">\n<div class=\"gizmo-shadow-stroke flex h-6 w-6 items-center justify-center overflow-hidden rounded-full\"><\/div>\n<\/div>\n<\/div>\n<\/div>\n<\/div>\n<\/div>\n<\/div>\n","protected":false},"excerpt":{"rendered":"<p>Manteau camel : la sophistication \u00e0 l&rsquo;\u00e9tat pur. Une pi\u00e8ce essentielle qui marie \u00e9l\u00e9gance et confort pour un style intemporel en toutes saisons.<\/p>\n","protected":false},"featured_media":2871,"comment_status":"open","ping_status":"closed","template":"","meta":{"site-sidebar-layout":"default","site-content-layout":"default","ast-global-header-display":"","ast-main-header-display":"","ast-hfb-above-header-display":"","ast-hfb-below-header-display":"","ast-hfb-mobile-header-display":"","site-post-title":"","ast-breadcrumbs-content":"","ast-featured-img":"","footer-sml-layout":"","theme-transparent-header-meta":"default","adv-header-id-meta":"","stick-header-meta":"","header-above-stick-meta":"","header-main-stick-meta":"","header-below-stick-meta":""},"product_cat":[44],"product_tag":[],"yoast_head":"<!-- This site is optimized with the Yoast SEO plugin v21.5 - https:\/\/yoast.com\/wordpress\/plugins\/seo\/ -->\n<title>Manteau Camel -<\/title>\n<meta name=\"description\" content=\"Plongez dans l&#039;\u00e9l\u00e9gance intemporelle avec notre manteau camel, une pi\u00e8ce incontournable qui conjugue chaleur et style. Adapt\u00e9 \u00e0 toutes les occasions, ce manteau devient rapidement l&#039;expression raffin\u00e9e de votre garde-robe.\" \/>\n<meta name=\"robots\" content=\"index, follow, max-snippet:-1, max-image-preview:large, max-video-preview:-1\" \/>\n<link rel=\"canonical\" href=\"https:\/\/novafemina.com\/?product=manteaux-camel\" \/>\n<meta property=\"og:locale\" content=\"fr_FR\" \/>\n<meta property=\"og:type\" content=\"article\" \/>\n<meta property=\"og:title\" content=\"Manteau Camel -\" \/>\n<meta property=\"og:description\" content=\"Plongez dans l&#039;\u00e9l\u00e9gance intemporelle avec notre manteau camel, une pi\u00e8ce incontournable qui conjugue chaleur et style. Adapt\u00e9 \u00e0 toutes les occasions, ce manteau devient rapidement l&#039;expression raffin\u00e9e de votre garde-robe.\" \/>\n<meta property=\"og:url\" content=\"https:\/\/novafemina.com\/?product=manteaux-camel\" \/>\n<meta property=\"article:publisher\" content=\"https:\/\/www.facebook.com\/EDENROSEPARIS\" \/>\n<meta property=\"article:modified_time\" content=\"2025-06-14T19:42:39+00:00\" \/>\n<meta property=\"og:image\" content=\"http:\/\/novafemina.com\/wp-content\/uploads\/2024\/01\/IMG_4015.jpg\" \/>\n\t<meta property=\"og:image:width\" content=\"784\" \/>\n\t<meta property=\"og:image:height\" content=\"1582\" \/>\n\t<meta property=\"og:image:type\" content=\"image\/jpeg\" \/>\n<meta name=\"twitter:card\" content=\"summary_large_image\" \/>\n<meta name=\"twitter:label1\" content=\"Dur\u00e9e de lecture estim\u00e9e\" \/>\n\t<meta name=\"twitter:data1\" content=\"1 minute\" \/>\n<script type=\"application\/ld+json\" class=\"yoast-schema-graph\">{\"@context\":\"https:\/\/schema.org\",\"@graph\":[{\"@type\":\"WebPage\",\"@id\":\"https:\/\/novafemina.com\/?product=manteaux-camel\",\"url\":\"https:\/\/novafemina.com\/?product=manteaux-camel\",\"name\":\"Manteau Camel -\",\"isPartOf\":{\"@id\":\"https:\/\/novafemina.com\/#website\"},\"datePublished\":\"2024-01-24T15:22:57+00:00\",\"dateModified\":\"2025-06-14T19:42:39+00:00\",\"description\":\"Plongez dans l'\u00e9l\u00e9gance intemporelle avec notre manteau camel, une pi\u00e8ce incontournable qui conjugue chaleur et style. Adapt\u00e9 \u00e0 toutes les occasions, ce manteau devient rapidement l'expression raffin\u00e9e de votre garde-robe.\",\"breadcrumb\":{\"@id\":\"https:\/\/novafemina.com\/?product=manteaux-camel#breadcrumb\"},\"inLanguage\":\"fr-FR\",\"potentialAction\":[{\"@type\":\"ReadAction\",\"target\":[\"https:\/\/novafemina.com\/?product=manteaux-camel\"]}]},{\"@type\":\"BreadcrumbList\",\"@id\":\"https:\/\/novafemina.com\/?product=manteaux-camel#breadcrumb\",\"itemListElement\":[{\"@type\":\"ListItem\",\"position\":1,\"name\":\"Accueil\",\"item\":\"https:\/\/novafemina.com\/\"},{\"@type\":\"ListItem\",\"position\":2,\"name\":\"Boutique\",\"item\":\"https:\/\/novafemina.com\/?page_id=996\"},{\"@type\":\"ListItem\",\"position\":3,\"name\":\"Manteau Camel\"}]},{\"@type\":\"WebSite\",\"@id\":\"https:\/\/novafemina.com\/#website\",\"url\":\"https:\/\/novafemina.com\/\",\"name\":\"edenrosparis.com\",\"description\":\"\",\"publisher\":{\"@id\":\"https:\/\/novafemina.com\/#organization\"},\"potentialAction\":[{\"@type\":\"SearchAction\",\"target\":{\"@type\":\"EntryPoint\",\"urlTemplate\":\"https:\/\/novafemina.com\/?s={search_term_string}\"},\"query-input\":\"required name=search_term_string\"}],\"inLanguage\":\"fr-FR\"},{\"@type\":\"Organization\",\"@id\":\"https:\/\/novafemina.com\/#organization\",\"name\":\"Eden Rose Paris\",\"url\":\"https:\/\/novafemina.com\/\",\"logo\":{\"@type\":\"ImageObject\",\"inLanguage\":\"fr-FR\",\"@id\":\"https:\/\/novafemina.com\/#\/schema\/logo\/image\/\",\"url\":\"https:\/\/novafemina.com\/wp-content\/uploads\/2023\/11\/cropped-v-longue.png\",\"contentUrl\":\"https:\/\/novafemina.com\/wp-content\/uploads\/2023\/11\/cropped-v-longue.png\",\"width\":12327,\"height\":4105,\"caption\":\"Eden Rose Paris\"},\"image\":{\"@id\":\"https:\/\/novafemina.com\/#\/schema\/logo\/image\/\"},\"sameAs\":[\"https:\/\/www.facebook.com\/EDENROSEPARIS\",\"https:\/\/www.instagram.com\/edenrose_paris\/\"]}]}<\/script>\n<!-- \/ Yoast SEO plugin. -->","yoast_head_json":{"title":"Manteau Camel -","description":"Plongez dans l'\u00e9l\u00e9gance intemporelle avec notre manteau camel, une pi\u00e8ce incontournable qui conjugue chaleur et style. Adapt\u00e9 \u00e0 toutes les occasions, ce manteau devient rapidement l'expression raffin\u00e9e de votre garde-robe.","robots":{"index":"index","follow":"follow","max-snippet":"max-snippet:-1","max-image-preview":"max-image-preview:large","max-video-preview":"max-video-preview:-1"},"canonical":"https:\/\/novafemina.com\/?product=manteaux-camel","og_locale":"fr_FR","og_type":"article","og_title":"Manteau Camel -","og_description":"Plongez dans l'\u00e9l\u00e9gance intemporelle avec notre manteau camel, une pi\u00e8ce incontournable qui conjugue chaleur et style. Adapt\u00e9 \u00e0 toutes les occasions, ce manteau devient rapidement l'expression raffin\u00e9e de votre garde-robe.","og_url":"https:\/\/novafemina.com\/?product=manteaux-camel","article_publisher":"https:\/\/www.facebook.com\/EDENROSEPARIS","article_modified_time":"2025-06-14T19:42:39+00:00","og_image":[{"width":784,"height":1582,"url":"http:\/\/novafemina.com\/wp-content\/uploads\/2024\/01\/IMG_4015.jpg","type":"image\/jpeg"}],"twitter_card":"summary_large_image","twitter_misc":{"Dur\u00e9e de lecture estim\u00e9e":"1 minute"},"schema":{"@context":"https:\/\/schema.org","@graph":[{"@type":"WebPage","@id":"https:\/\/novafemina.com\/?product=manteaux-camel","url":"https:\/\/novafemina.com\/?product=manteaux-camel","name":"Manteau Camel -","isPartOf":{"@id":"https:\/\/novafemina.com\/#website"},"datePublished":"2024-01-24T15:22:57+00:00","dateModified":"2025-06-14T19:42:39+00:00","description":"Plongez dans l'\u00e9l\u00e9gance intemporelle avec notre manteau camel, une pi\u00e8ce incontournable qui conjugue chaleur et style. Adapt\u00e9 \u00e0 toutes les occasions, ce manteau devient rapidement l'expression raffin\u00e9e de votre garde-robe.","breadcrumb":{"@id":"https:\/\/novafemina.com\/?product=manteaux-camel#breadcrumb"},"inLanguage":"fr-FR","potentialAction":[{"@type":"ReadAction","target":["https:\/\/novafemina.com\/?product=manteaux-camel"]}]},{"@type":"BreadcrumbList","@id":"https:\/\/novafemina.com\/?product=manteaux-camel#breadcrumb","itemListElement":[{"@type":"ListItem","position":1,"name":"Accueil","item":"https:\/\/novafemina.com\/"},{"@type":"ListItem","position":2,"name":"Boutique","item":"https:\/\/novafemina.com\/?page_id=996"},{"@type":"ListItem","position":3,"name":"Manteau Camel"}]},{"@type":"WebSite","@id":"https:\/\/novafemina.com\/#website","url":"https:\/\/novafemina.com\/","name":"edenrosparis.com","description":"","publisher":{"@id":"https:\/\/novafemina.com\/#organization"},"potentialAction":[{"@type":"SearchAction","target":{"@type":"EntryPoint","urlTemplate":"https:\/\/novafemina.com\/?s={search_term_string}"},"query-input":"required name=search_term_string"}],"inLanguage":"fr-FR"},{"@type":"Organization","@id":"https:\/\/novafemina.com\/#organization","name":"Eden Rose Paris","url":"https:\/\/novafemina.com\/","logo":{"@type":"ImageObject","inLanguage":"fr-FR","@id":"https:\/\/novafemina.com\/#\/schema\/logo\/image\/","url":"https:\/\/novafemina.com\/wp-content\/uploads\/2023\/11\/cropped-v-longue.png","contentUrl":"https:\/\/novafemina.com\/wp-content\/uploads\/2023\/11\/cropped-v-longue.png","width":12327,"height":4105,"caption":"Eden Rose Paris"},"image":{"@id":"https:\/\/novafemina.com\/#\/schema\/logo\/image\/"},"sameAs":["https:\/\/www.facebook.com\/EDENROSEPARIS","https:\/\/www.instagram.com\/edenrose_paris\/"]}]}},"_links":{"self":[{"href":"https:\/\/novafemina.com\/index.php?rest_route=\/wp\/v2\/product\/2853"}],"collection":[{"href":"https:\/\/novafemina.com\/index.php?rest_route=\/wp\/v2\/product"}],"about":[{"href":"https:\/\/novafemina.com\/index.php?rest_route=\/wp\/v2\/types\/product"}],"replies":[{"embeddable":true,"href":"https:\/\/novafemina.com\/index.php?rest_route=%2Fwp%2Fv2%2Fcomments&post=2853"}],"wp:featuredmedia":[{"embeddable":true,"href":"https:\/\/novafemina.com\/index.php?rest_route=\/wp\/v2\/media\/2871"}],"wp:attachment":[{"href":"https:\/\/novafemina.com\/index.php?rest_route=%2Fwp%2Fv2%2Fmedia&parent=2853"}],"wp:term":[{"taxonomy":"product_cat","embeddable":true,"href":"https:\/\/novafemina.com\/index.php?rest_route=%2Fwp%2Fv2%2Fproduct_cat&post=2853"},{"taxonomy":"product_tag","embeddable":true,"href":"https:\/\/novafemina.com\/index.php?rest_route=%2Fwp%2Fv2%2Fproduct_tag&post=2853"}],"curies":[{"name":"wp","href":"https:\/\/api.w.org\/{rel}","templated":true}]}}