{"id":2585,"date":"2023-09-14T03:39:07","date_gmt":"2023-09-14T01:39:07","guid":{"rendered":"https:\/\/novafemina.com\/?post_type=product&#038;p=2585"},"modified":"2024-08-09T18:44:18","modified_gmt":"2024-08-09T16:44:18","slug":"jean-noir-taille-haute-denim","status":"publish","type":"product","link":"https:\/\/novafemina.com\/?product=jean-noir-taille-haute-denim","title":{"rendered":"Jean taille haute (noir)"},"content":{"rendered":"<p>Le<a href=\"http:\/\/novafemina\"> jean noir<\/a> : un incontournable de la garde-robe, associant \u00e9l\u00e9gance et d\u00e9contraction. Con\u00e7u dans un denim de qualit\u00e9, ce jean offre une coupe impeccable et une polyvalence exceptionnelle. La couleur noire intemporelle en fait une pi\u00e8ce essentielle pour toutes les occasions, que ce soit pour une tenue d\u00e9contract\u00e9e ou une soir\u00e9e sp\u00e9ciale. Exprimez votre style avec ce jean noir polyvalent qui incarne l&rsquo;\u00e9l\u00e9gance et le confort.<\/p>\n","protected":false},"excerpt":{"rendered":"<p>Le jean noir : une pi\u00e8ce essentielle pour un style \u00e9l\u00e9gant en toute simplicit\u00e9.<\/p>\n","protected":false},"featured_media":2561,"comment_status":"open","ping_status":"closed","template":"","meta":{"site-sidebar-layout":"default","site-content-layout":"default","ast-global-header-display":"","ast-main-header-display":"","ast-hfb-above-header-display":"","ast-hfb-below-header-display":"","ast-hfb-mobile-header-display":"","site-post-title":"","ast-breadcrumbs-content":"","ast-featured-img":"","footer-sml-layout":"","theme-transparent-header-meta":"default","adv-header-id-meta":"","stick-header-meta":"","header-above-stick-meta":"","header-main-stick-meta":"","header-below-stick-meta":""},"product_cat":[43],"product_tag":[],"yoast_head":"<!-- This site is optimized with the Yoast SEO plugin v21.5 - https:\/\/yoast.com\/wordpress\/plugins\/seo\/ -->\n<title>Jean taille haute (noir) -<\/title>\n<meta name=\"description\" content=\"D\u00e9couvrez notre jean noir, l&#039;incarnation de l&#039;\u00e9l\u00e9gance d\u00e9contract\u00e9e. Confectionn\u00e9 dans un denim de qualit\u00e9, ce jean offre une coupe impeccable et une polyvalence exceptionnelle.\" \/>\n<meta name=\"robots\" content=\"index, follow, max-snippet:-1, max-image-preview:large, max-video-preview:-1\" \/>\n<link rel=\"canonical\" href=\"https:\/\/novafemina.com\/?product=jean-noir-taille-haute-denim\" \/>\n<meta property=\"og:locale\" content=\"fr_FR\" \/>\n<meta property=\"og:type\" content=\"article\" \/>\n<meta property=\"og:title\" content=\"Jean taille haute (noir) -\" \/>\n<meta property=\"og:description\" content=\"D\u00e9couvrez notre jean noir, l&#039;incarnation de l&#039;\u00e9l\u00e9gance d\u00e9contract\u00e9e. Confectionn\u00e9 dans un denim de qualit\u00e9, ce jean offre une coupe impeccable et une polyvalence exceptionnelle.\" \/>\n<meta property=\"og:url\" content=\"https:\/\/novafemina.com\/?product=jean-noir-taille-haute-denim\" \/>\n<meta property=\"article:publisher\" content=\"https:\/\/www.facebook.com\/EDENROSEPARIS\" \/>\n<meta property=\"article:modified_time\" content=\"2024-08-09T16:44:18+00:00\" \/>\n<meta property=\"og:image\" content=\"http:\/\/novafemina.com\/wp-content\/uploads\/2023\/09\/noir-1.jpg\" \/>\n\t<meta property=\"og:image:width\" content=\"1640\" \/>\n\t<meta property=\"og:image:height\" content=\"1434\" \/>\n\t<meta property=\"og:image:type\" content=\"image\/jpeg\" \/>\n<meta name=\"twitter:card\" content=\"summary_large_image\" \/>\n<meta name=\"twitter:label1\" content=\"Dur\u00e9e de lecture estim\u00e9e\" \/>\n\t<meta name=\"twitter:data1\" content=\"1 minute\" \/>\n<script type=\"application\/ld+json\" class=\"yoast-schema-graph\">{\"@context\":\"https:\/\/schema.org\",\"@graph\":[{\"@type\":\"WebPage\",\"@id\":\"https:\/\/novafemina.com\/?product=jean-noir-taille-haute-denim\",\"url\":\"https:\/\/novafemina.com\/?product=jean-noir-taille-haute-denim\",\"name\":\"Jean taille haute (noir) -\",\"isPartOf\":{\"@id\":\"https:\/\/novafemina.com\/#website\"},\"datePublished\":\"2023-09-14T01:39:07+00:00\",\"dateModified\":\"2024-08-09T16:44:18+00:00\",\"description\":\"D\u00e9couvrez notre jean noir, l'incarnation de l'\u00e9l\u00e9gance d\u00e9contract\u00e9e. Confectionn\u00e9 dans un denim de qualit\u00e9, ce jean offre une coupe impeccable et une polyvalence exceptionnelle.\",\"breadcrumb\":{\"@id\":\"https:\/\/novafemina.com\/?product=jean-noir-taille-haute-denim#breadcrumb\"},\"inLanguage\":\"fr-FR\",\"potentialAction\":[{\"@type\":\"ReadAction\",\"target\":[\"https:\/\/novafemina.com\/?product=jean-noir-taille-haute-denim\"]}]},{\"@type\":\"BreadcrumbList\",\"@id\":\"https:\/\/novafemina.com\/?product=jean-noir-taille-haute-denim#breadcrumb\",\"itemListElement\":[{\"@type\":\"ListItem\",\"position\":1,\"name\":\"Accueil\",\"item\":\"https:\/\/novafemina.com\/\"},{\"@type\":\"ListItem\",\"position\":2,\"name\":\"Boutique\",\"item\":\"https:\/\/novafemina.com\/?page_id=996\"},{\"@type\":\"ListItem\",\"position\":3,\"name\":\"Jean taille haute (noir)\"}]},{\"@type\":\"WebSite\",\"@id\":\"https:\/\/novafemina.com\/#website\",\"url\":\"https:\/\/novafemina.com\/\",\"name\":\"edenrosparis.com\",\"description\":\"\",\"publisher\":{\"@id\":\"https:\/\/novafemina.com\/#organization\"},\"potentialAction\":[{\"@type\":\"SearchAction\",\"target\":{\"@type\":\"EntryPoint\",\"urlTemplate\":\"https:\/\/novafemina.com\/?s={search_term_string}\"},\"query-input\":\"required name=search_term_string\"}],\"inLanguage\":\"fr-FR\"},{\"@type\":\"Organization\",\"@id\":\"https:\/\/novafemina.com\/#organization\",\"name\":\"Eden Rose Paris\",\"url\":\"https:\/\/novafemina.com\/\",\"logo\":{\"@type\":\"ImageObject\",\"inLanguage\":\"fr-FR\",\"@id\":\"https:\/\/novafemina.com\/#\/schema\/logo\/image\/\",\"url\":\"https:\/\/novafemina.com\/wp-content\/uploads\/2023\/11\/cropped-v-longue.png\",\"contentUrl\":\"https:\/\/novafemina.com\/wp-content\/uploads\/2023\/11\/cropped-v-longue.png\",\"width\":12327,\"height\":4105,\"caption\":\"Eden Rose Paris\"},\"image\":{\"@id\":\"https:\/\/novafemina.com\/#\/schema\/logo\/image\/\"},\"sameAs\":[\"https:\/\/www.facebook.com\/EDENROSEPARIS\",\"https:\/\/www.instagram.com\/edenrose_paris\/\"]}]}<\/script>\n<!-- \/ Yoast SEO plugin. -->","yoast_head_json":{"title":"Jean taille haute (noir) -","description":"D\u00e9couvrez notre jean noir, l'incarnation de l'\u00e9l\u00e9gance d\u00e9contract\u00e9e. Confectionn\u00e9 dans un denim de qualit\u00e9, ce jean offre une coupe impeccable et une polyvalence exceptionnelle.","robots":{"index":"index","follow":"follow","max-snippet":"max-snippet:-1","max-image-preview":"max-image-preview:large","max-video-preview":"max-video-preview:-1"},"canonical":"https:\/\/novafemina.com\/?product=jean-noir-taille-haute-denim","og_locale":"fr_FR","og_type":"article","og_title":"Jean taille haute (noir) -","og_description":"D\u00e9couvrez notre jean noir, l'incarnation de l'\u00e9l\u00e9gance d\u00e9contract\u00e9e. Confectionn\u00e9 dans un denim de qualit\u00e9, ce jean offre une coupe impeccable et une polyvalence exceptionnelle.","og_url":"https:\/\/novafemina.com\/?product=jean-noir-taille-haute-denim","article_publisher":"https:\/\/www.facebook.com\/EDENROSEPARIS","article_modified_time":"2024-08-09T16:44:18+00:00","og_image":[{"width":1640,"height":1434,"url":"http:\/\/novafemina.com\/wp-content\/uploads\/2023\/09\/noir-1.jpg","type":"image\/jpeg"}],"twitter_card":"summary_large_image","twitter_misc":{"Dur\u00e9e de lecture estim\u00e9e":"1 minute"},"schema":{"@context":"https:\/\/schema.org","@graph":[{"@type":"WebPage","@id":"https:\/\/novafemina.com\/?product=jean-noir-taille-haute-denim","url":"https:\/\/novafemina.com\/?product=jean-noir-taille-haute-denim","name":"Jean taille haute (noir) -","isPartOf":{"@id":"https:\/\/novafemina.com\/#website"},"datePublished":"2023-09-14T01:39:07+00:00","dateModified":"2024-08-09T16:44:18+00:00","description":"D\u00e9couvrez notre jean noir, l'incarnation de l'\u00e9l\u00e9gance d\u00e9contract\u00e9e. Confectionn\u00e9 dans un denim de qualit\u00e9, ce jean offre une coupe impeccable et une polyvalence exceptionnelle.","breadcrumb":{"@id":"https:\/\/novafemina.com\/?product=jean-noir-taille-haute-denim#breadcrumb"},"inLanguage":"fr-FR","potentialAction":[{"@type":"ReadAction","target":["https:\/\/novafemina.com\/?product=jean-noir-taille-haute-denim"]}]},{"@type":"BreadcrumbList","@id":"https:\/\/novafemina.com\/?product=jean-noir-taille-haute-denim#breadcrumb","itemListElement":[{"@type":"ListItem","position":1,"name":"Accueil","item":"https:\/\/novafemina.com\/"},{"@type":"ListItem","position":2,"name":"Boutique","item":"https:\/\/novafemina.com\/?page_id=996"},{"@type":"ListItem","position":3,"name":"Jean taille haute (noir)"}]},{"@type":"WebSite","@id":"https:\/\/novafemina.com\/#website","url":"https:\/\/novafemina.com\/","name":"edenrosparis.com","description":"","publisher":{"@id":"https:\/\/novafemina.com\/#organization"},"potentialAction":[{"@type":"SearchAction","target":{"@type":"EntryPoint","urlTemplate":"https:\/\/novafemina.com\/?s={search_term_string}"},"query-input":"required name=search_term_string"}],"inLanguage":"fr-FR"},{"@type":"Organization","@id":"https:\/\/novafemina.com\/#organization","name":"Eden Rose Paris","url":"https:\/\/novafemina.com\/","logo":{"@type":"ImageObject","inLanguage":"fr-FR","@id":"https:\/\/novafemina.com\/#\/schema\/logo\/image\/","url":"https:\/\/novafemina.com\/wp-content\/uploads\/2023\/11\/cropped-v-longue.png","contentUrl":"https:\/\/novafemina.com\/wp-content\/uploads\/2023\/11\/cropped-v-longue.png","width":12327,"height":4105,"caption":"Eden Rose Paris"},"image":{"@id":"https:\/\/novafemina.com\/#\/schema\/logo\/image\/"},"sameAs":["https:\/\/www.facebook.com\/EDENROSEPARIS","https:\/\/www.instagram.com\/edenrose_paris\/"]}]}},"_links":{"self":[{"href":"https:\/\/novafemina.com\/index.php?rest_route=\/wp\/v2\/product\/2585"}],"collection":[{"href":"https:\/\/novafemina.com\/index.php?rest_route=\/wp\/v2\/product"}],"about":[{"href":"https:\/\/novafemina.com\/index.php?rest_route=\/wp\/v2\/types\/product"}],"replies":[{"embeddable":true,"href":"https:\/\/novafemina.com\/index.php?rest_route=%2Fwp%2Fv2%2Fcomments&post=2585"}],"wp:featuredmedia":[{"embeddable":true,"href":"https:\/\/novafemina.com\/index.php?rest_route=\/wp\/v2\/media\/2561"}],"wp:attachment":[{"href":"https:\/\/novafemina.com\/index.php?rest_route=%2Fwp%2Fv2%2Fmedia&parent=2585"}],"wp:term":[{"taxonomy":"product_cat","embeddable":true,"href":"https:\/\/novafemina.com\/index.php?rest_route=%2Fwp%2Fv2%2Fproduct_cat&post=2585"},{"taxonomy":"product_tag","embeddable":true,"href":"https:\/\/novafemina.com\/index.php?rest_route=%2Fwp%2Fv2%2Fproduct_tag&post=2585"}],"curies":[{"name":"wp","href":"https:\/\/api.w.org\/{rel}","templated":true}]}}