{"id":2584,"date":"2023-09-14T03:27:15","date_gmt":"2023-09-14T01:27:15","guid":{"rendered":"https:\/\/novafemina.com\/?post_type=product&#038;p=2584"},"modified":"2024-01-24T16:43:13","modified_gmt":"2024-01-24T15:43:13","slug":"jean-blanc-denim-femme","status":"publish","type":"product","link":"https:\/\/novafemina.com\/?product=jean-blanc-denim-femme","title":{"rendered":"Jean white"},"content":{"rendered":"<p>D\u00e9couvrez notre<a href=\"http:\/\/novafemina.com\"> jean blanc<\/a>, symbole de fra\u00eecheur et de style. Confectionn\u00e9 dans un denim de qualit\u00e9, ce jean offre une coupe impeccable et une polyvalence in\u00e9gal\u00e9e. La couleur blanche intemporelle en fait un choix id\u00e9al pour les jours ensoleill\u00e9s et les tenues estivales, tout en ajoutant une touche de sophistication \u00e0 votre look. Trouvez le jean blanc parfait pour exprimer votre style avec aisance et \u00e9l\u00e9gance, que ce soit pour une sortie d\u00e9contract\u00e9e ou une occasion sp\u00e9ciale.<\/p>\n","protected":false},"excerpt":{"rendered":"<p>Le jean blanc avec bouton d\u00e9cal\u00e9 : \u00e9l\u00e9gance et originalit\u00e9 en un seul v\u00eatement.<\/p>\n","protected":false},"featured_media":2553,"comment_status":"open","ping_status":"closed","template":"","meta":{"site-sidebar-layout":"default","site-content-layout":"default","ast-global-header-display":"","ast-main-header-display":"","ast-hfb-above-header-display":"","ast-hfb-below-header-display":"","ast-hfb-mobile-header-display":"","site-post-title":"","ast-breadcrumbs-content":"","ast-featured-img":"","footer-sml-layout":"","theme-transparent-header-meta":"default","adv-header-id-meta":"","stick-header-meta":"","header-above-stick-meta":"","header-main-stick-meta":"","header-below-stick-meta":""},"product_cat":[43,37],"product_tag":[],"yoast_head":"<!-- This site is optimized with the Yoast SEO plugin v21.5 - https:\/\/yoast.com\/wordpress\/plugins\/seo\/ -->\n<title>Jean white -<\/title>\n<meta name=\"description\" content=\"La couleur blanche classique contraste magnifiquement avec le d\u00e9tail du bouton d\u00e9cal\u00e9, ajoutant une dimension moderne \u00e0 votre look. Trouvez le jean blanc parfait avec bouton d\u00e9cal\u00e9 pour exprimer votre cr\u00e9ativit\u00e9 en toute confiance, que ce soit pour une journ\u00e9e d\u00e9contract\u00e9e ou une occasion sp\u00e9ciale.\" \/>\n<meta name=\"robots\" content=\"index, follow, max-snippet:-1, max-image-preview:large, max-video-preview:-1\" \/>\n<link rel=\"canonical\" href=\"https:\/\/novafemina.com\/?product=jean-blanc-denim-femme\" \/>\n<meta property=\"og:locale\" content=\"fr_FR\" \/>\n<meta property=\"og:type\" content=\"article\" \/>\n<meta property=\"og:title\" content=\"Jean white -\" \/>\n<meta property=\"og:description\" content=\"La couleur blanche classique contraste magnifiquement avec le d\u00e9tail du bouton d\u00e9cal\u00e9, ajoutant une dimension moderne \u00e0 votre look. Trouvez le jean blanc parfait avec bouton d\u00e9cal\u00e9 pour exprimer votre cr\u00e9ativit\u00e9 en toute confiance, que ce soit pour une journ\u00e9e d\u00e9contract\u00e9e ou une occasion sp\u00e9ciale.\" \/>\n<meta property=\"og:url\" content=\"https:\/\/novafemina.com\/?product=jean-blanc-denim-femme\" \/>\n<meta property=\"article:publisher\" content=\"https:\/\/www.facebook.com\/EDENROSEPARIS\" \/>\n<meta property=\"article:modified_time\" content=\"2024-01-24T15:43:13+00:00\" \/>\n<meta property=\"og:image\" content=\"http:\/\/novafemina.com\/wp-content\/uploads\/2023\/09\/blanc-1.jpg\" \/>\n\t<meta property=\"og:image:width\" content=\"2317\" \/>\n\t<meta property=\"og:image:height\" content=\"2094\" \/>\n\t<meta property=\"og:image:type\" content=\"image\/jpeg\" \/>\n<meta name=\"twitter:card\" content=\"summary_large_image\" \/>\n<meta name=\"twitter:label1\" content=\"Dur\u00e9e de lecture estim\u00e9e\" \/>\n\t<meta name=\"twitter:data1\" content=\"1 minute\" \/>\n<script type=\"application\/ld+json\" class=\"yoast-schema-graph\">{\"@context\":\"https:\/\/schema.org\",\"@graph\":[{\"@type\":\"WebPage\",\"@id\":\"https:\/\/novafemina.com\/?product=jean-blanc-denim-femme\",\"url\":\"https:\/\/novafemina.com\/?product=jean-blanc-denim-femme\",\"name\":\"Jean white -\",\"isPartOf\":{\"@id\":\"https:\/\/novafemina.com\/#website\"},\"datePublished\":\"2023-09-14T01:27:15+00:00\",\"dateModified\":\"2024-01-24T15:43:13+00:00\",\"description\":\"La couleur blanche classique contraste magnifiquement avec le d\u00e9tail du bouton d\u00e9cal\u00e9, ajoutant une dimension moderne \u00e0 votre look. Trouvez le jean blanc parfait avec bouton d\u00e9cal\u00e9 pour exprimer votre cr\u00e9ativit\u00e9 en toute confiance, que ce soit pour une journ\u00e9e d\u00e9contract\u00e9e ou une occasion sp\u00e9ciale.\",\"breadcrumb\":{\"@id\":\"https:\/\/novafemina.com\/?product=jean-blanc-denim-femme#breadcrumb\"},\"inLanguage\":\"fr-FR\",\"potentialAction\":[{\"@type\":\"ReadAction\",\"target\":[\"https:\/\/novafemina.com\/?product=jean-blanc-denim-femme\"]}]},{\"@type\":\"BreadcrumbList\",\"@id\":\"https:\/\/novafemina.com\/?product=jean-blanc-denim-femme#breadcrumb\",\"itemListElement\":[{\"@type\":\"ListItem\",\"position\":1,\"name\":\"Accueil\",\"item\":\"https:\/\/novafemina.com\/\"},{\"@type\":\"ListItem\",\"position\":2,\"name\":\"Boutique\",\"item\":\"https:\/\/novafemina.com\/?page_id=996\"},{\"@type\":\"ListItem\",\"position\":3,\"name\":\"Jean white\"}]},{\"@type\":\"WebSite\",\"@id\":\"https:\/\/novafemina.com\/#website\",\"url\":\"https:\/\/novafemina.com\/\",\"name\":\"edenrosparis.com\",\"description\":\"\",\"publisher\":{\"@id\":\"https:\/\/novafemina.com\/#organization\"},\"potentialAction\":[{\"@type\":\"SearchAction\",\"target\":{\"@type\":\"EntryPoint\",\"urlTemplate\":\"https:\/\/novafemina.com\/?s={search_term_string}\"},\"query-input\":\"required name=search_term_string\"}],\"inLanguage\":\"fr-FR\"},{\"@type\":\"Organization\",\"@id\":\"https:\/\/novafemina.com\/#organization\",\"name\":\"Eden Rose Paris\",\"url\":\"https:\/\/novafemina.com\/\",\"logo\":{\"@type\":\"ImageObject\",\"inLanguage\":\"fr-FR\",\"@id\":\"https:\/\/novafemina.com\/#\/schema\/logo\/image\/\",\"url\":\"https:\/\/novafemina.com\/wp-content\/uploads\/2023\/11\/cropped-v-longue.png\",\"contentUrl\":\"https:\/\/novafemina.com\/wp-content\/uploads\/2023\/11\/cropped-v-longue.png\",\"width\":12327,\"height\":4105,\"caption\":\"Eden Rose Paris\"},\"image\":{\"@id\":\"https:\/\/novafemina.com\/#\/schema\/logo\/image\/\"},\"sameAs\":[\"https:\/\/www.facebook.com\/EDENROSEPARIS\",\"https:\/\/www.instagram.com\/edenrose_paris\/\"]}]}<\/script>\n<!-- \/ Yoast SEO plugin. -->","yoast_head_json":{"title":"Jean white -","description":"La couleur blanche classique contraste magnifiquement avec le d\u00e9tail du bouton d\u00e9cal\u00e9, ajoutant une dimension moderne \u00e0 votre look. Trouvez le jean blanc parfait avec bouton d\u00e9cal\u00e9 pour exprimer votre cr\u00e9ativit\u00e9 en toute confiance, que ce soit pour une journ\u00e9e d\u00e9contract\u00e9e ou une occasion sp\u00e9ciale.","robots":{"index":"index","follow":"follow","max-snippet":"max-snippet:-1","max-image-preview":"max-image-preview:large","max-video-preview":"max-video-preview:-1"},"canonical":"https:\/\/novafemina.com\/?product=jean-blanc-denim-femme","og_locale":"fr_FR","og_type":"article","og_title":"Jean white -","og_description":"La couleur blanche classique contraste magnifiquement avec le d\u00e9tail du bouton d\u00e9cal\u00e9, ajoutant une dimension moderne \u00e0 votre look. Trouvez le jean blanc parfait avec bouton d\u00e9cal\u00e9 pour exprimer votre cr\u00e9ativit\u00e9 en toute confiance, que ce soit pour une journ\u00e9e d\u00e9contract\u00e9e ou une occasion sp\u00e9ciale.","og_url":"https:\/\/novafemina.com\/?product=jean-blanc-denim-femme","article_publisher":"https:\/\/www.facebook.com\/EDENROSEPARIS","article_modified_time":"2024-01-24T15:43:13+00:00","og_image":[{"width":2317,"height":2094,"url":"http:\/\/novafemina.com\/wp-content\/uploads\/2023\/09\/blanc-1.jpg","type":"image\/jpeg"}],"twitter_card":"summary_large_image","twitter_misc":{"Dur\u00e9e de lecture estim\u00e9e":"1 minute"},"schema":{"@context":"https:\/\/schema.org","@graph":[{"@type":"WebPage","@id":"https:\/\/novafemina.com\/?product=jean-blanc-denim-femme","url":"https:\/\/novafemina.com\/?product=jean-blanc-denim-femme","name":"Jean white -","isPartOf":{"@id":"https:\/\/novafemina.com\/#website"},"datePublished":"2023-09-14T01:27:15+00:00","dateModified":"2024-01-24T15:43:13+00:00","description":"La couleur blanche classique contraste magnifiquement avec le d\u00e9tail du bouton d\u00e9cal\u00e9, ajoutant une dimension moderne \u00e0 votre look. Trouvez le jean blanc parfait avec bouton d\u00e9cal\u00e9 pour exprimer votre cr\u00e9ativit\u00e9 en toute confiance, que ce soit pour une journ\u00e9e d\u00e9contract\u00e9e ou une occasion sp\u00e9ciale.","breadcrumb":{"@id":"https:\/\/novafemina.com\/?product=jean-blanc-denim-femme#breadcrumb"},"inLanguage":"fr-FR","potentialAction":[{"@type":"ReadAction","target":["https:\/\/novafemina.com\/?product=jean-blanc-denim-femme"]}]},{"@type":"BreadcrumbList","@id":"https:\/\/novafemina.com\/?product=jean-blanc-denim-femme#breadcrumb","itemListElement":[{"@type":"ListItem","position":1,"name":"Accueil","item":"https:\/\/novafemina.com\/"},{"@type":"ListItem","position":2,"name":"Boutique","item":"https:\/\/novafemina.com\/?page_id=996"},{"@type":"ListItem","position":3,"name":"Jean white"}]},{"@type":"WebSite","@id":"https:\/\/novafemina.com\/#website","url":"https:\/\/novafemina.com\/","name":"edenrosparis.com","description":"","publisher":{"@id":"https:\/\/novafemina.com\/#organization"},"potentialAction":[{"@type":"SearchAction","target":{"@type":"EntryPoint","urlTemplate":"https:\/\/novafemina.com\/?s={search_term_string}"},"query-input":"required name=search_term_string"}],"inLanguage":"fr-FR"},{"@type":"Organization","@id":"https:\/\/novafemina.com\/#organization","name":"Eden Rose Paris","url":"https:\/\/novafemina.com\/","logo":{"@type":"ImageObject","inLanguage":"fr-FR","@id":"https:\/\/novafemina.com\/#\/schema\/logo\/image\/","url":"https:\/\/novafemina.com\/wp-content\/uploads\/2023\/11\/cropped-v-longue.png","contentUrl":"https:\/\/novafemina.com\/wp-content\/uploads\/2023\/11\/cropped-v-longue.png","width":12327,"height":4105,"caption":"Eden Rose Paris"},"image":{"@id":"https:\/\/novafemina.com\/#\/schema\/logo\/image\/"},"sameAs":["https:\/\/www.facebook.com\/EDENROSEPARIS","https:\/\/www.instagram.com\/edenrose_paris\/"]}]}},"_links":{"self":[{"href":"https:\/\/novafemina.com\/index.php?rest_route=\/wp\/v2\/product\/2584"}],"collection":[{"href":"https:\/\/novafemina.com\/index.php?rest_route=\/wp\/v2\/product"}],"about":[{"href":"https:\/\/novafemina.com\/index.php?rest_route=\/wp\/v2\/types\/product"}],"replies":[{"embeddable":true,"href":"https:\/\/novafemina.com\/index.php?rest_route=%2Fwp%2Fv2%2Fcomments&post=2584"}],"wp:featuredmedia":[{"embeddable":true,"href":"https:\/\/novafemina.com\/index.php?rest_route=\/wp\/v2\/media\/2553"}],"wp:attachment":[{"href":"https:\/\/novafemina.com\/index.php?rest_route=%2Fwp%2Fv2%2Fmedia&parent=2584"}],"wp:term":[{"taxonomy":"product_cat","embeddable":true,"href":"https:\/\/novafemina.com\/index.php?rest_route=%2Fwp%2Fv2%2Fproduct_cat&post=2584"},{"taxonomy":"product_tag","embeddable":true,"href":"https:\/\/novafemina.com\/index.php?rest_route=%2Fwp%2Fv2%2Fproduct_tag&post=2584"}],"curies":[{"name":"wp","href":"https:\/\/api.w.org\/{rel}","templated":true}]}}