{"id":2580,"date":"2023-09-14T02:56:13","date_gmt":"2023-09-14T00:56:13","guid":{"rendered":"https:\/\/novafemina.com\/?post_type=product&#038;p=2580"},"modified":"2024-01-24T16:36:54","modified_gmt":"2024-01-24T15:36:54","slug":"jupe-mi-longue-satin-noir","status":"publish","type":"product","link":"https:\/\/novafemina.com\/?product=jupe-mi-longue-satin-noir","title":{"rendered":"Jupe mi-longue Satin (noir)"},"content":{"rendered":"<p>La<a href=\"http:\/\/novafemina.com\"> jupe<\/a> mi-longue en satin noir : une pi\u00e8ce d&rsquo;exception pour une allure habill\u00e9e. Confectionn\u00e9e dans un satin de qualit\u00e9, cette jupe offre une fluidit\u00e9 luxueuse et un chic intemporel. Sa couleur noire \u00e9l\u00e9gante en fait un choix id\u00e9al pour les occasions sp\u00e9ciales, les soir\u00e9es et les \u00e9v\u00e9nements habill\u00e9s. Ajoutez une touche de sophistication \u00e0 votre garde-robe avec cette jupe en satin noir, une pi\u00e8ce essentielle pour briller en toute \u00e9l\u00e9gance.<\/p>\n","protected":false},"excerpt":{"rendered":"<p>La jupe mi-longue en satin noir : l&rsquo;essence de l&rsquo;\u00e9l\u00e9gance.<\/p>\n","protected":false},"featured_media":2552,"comment_status":"open","ping_status":"closed","template":"","meta":{"site-sidebar-layout":"default","site-content-layout":"default","ast-global-header-display":"","ast-main-header-display":"","ast-hfb-above-header-display":"","ast-hfb-below-header-display":"","ast-hfb-mobile-header-display":"","site-post-title":"","ast-breadcrumbs-content":"","ast-featured-img":"","footer-sml-layout":"","theme-transparent-header-meta":"default","adv-header-id-meta":"","stick-header-meta":"","header-above-stick-meta":"","header-main-stick-meta":"","header-below-stick-meta":""},"product_cat":[36],"product_tag":[],"yoast_head":"<!-- This site is optimized with the Yoast SEO plugin v21.5 - https:\/\/yoast.com\/wordpress\/plugins\/seo\/ -->\n<title>Jupe mi-longue Satin (noir) -<\/title>\n<meta name=\"description\" content=\"D\u00e9couvrez notre collection de jupes mi-longues en satin noir, le symbole ultime de l&#039;\u00e9l\u00e9gance et du raffinement.Explorez notre gamme et trouvez la jupe en satin noir qui vous permettra de vous d\u00e9marquer avec \u00e9l\u00e9gance.\" \/>\n<meta name=\"robots\" content=\"index, follow, max-snippet:-1, max-image-preview:large, max-video-preview:-1\" \/>\n<link rel=\"canonical\" href=\"https:\/\/novafemina.com\/?product=jupe-mi-longue-satin-noir\" \/>\n<meta property=\"og:locale\" content=\"fr_FR\" \/>\n<meta property=\"og:type\" content=\"article\" \/>\n<meta property=\"og:title\" content=\"Jupe mi-longue Satin (noir) -\" \/>\n<meta property=\"og:description\" content=\"D\u00e9couvrez notre collection de jupes mi-longues en satin noir, le symbole ultime de l&#039;\u00e9l\u00e9gance et du raffinement.Explorez notre gamme et trouvez la jupe en satin noir qui vous permettra de vous d\u00e9marquer avec \u00e9l\u00e9gance.\" \/>\n<meta property=\"og:url\" content=\"https:\/\/novafemina.com\/?product=jupe-mi-longue-satin-noir\" \/>\n<meta property=\"article:publisher\" content=\"https:\/\/www.facebook.com\/EDENROSEPARIS\" \/>\n<meta property=\"article:modified_time\" content=\"2024-01-24T15:36:54+00:00\" \/>\n<meta property=\"og:image\" content=\"http:\/\/novafemina.com\/wp-content\/uploads\/2023\/09\/NOIR-SATIN.jpg\" \/>\n\t<meta property=\"og:image:width\" content=\"1652\" \/>\n\t<meta property=\"og:image:height\" content=\"2289\" \/>\n\t<meta property=\"og:image:type\" content=\"image\/jpeg\" \/>\n<meta name=\"twitter:card\" content=\"summary_large_image\" \/>\n<meta name=\"twitter:label1\" content=\"Dur\u00e9e de lecture estim\u00e9e\" \/>\n\t<meta name=\"twitter:data1\" content=\"1 minute\" \/>\n<script type=\"application\/ld+json\" class=\"yoast-schema-graph\">{\"@context\":\"https:\/\/schema.org\",\"@graph\":[{\"@type\":\"WebPage\",\"@id\":\"https:\/\/novafemina.com\/?product=jupe-mi-longue-satin-noir\",\"url\":\"https:\/\/novafemina.com\/?product=jupe-mi-longue-satin-noir\",\"name\":\"Jupe mi-longue Satin (noir) -\",\"isPartOf\":{\"@id\":\"https:\/\/novafemina.com\/#website\"},\"datePublished\":\"2023-09-14T00:56:13+00:00\",\"dateModified\":\"2024-01-24T15:36:54+00:00\",\"description\":\"D\u00e9couvrez notre collection de jupes mi-longues en satin noir, le symbole ultime de l'\u00e9l\u00e9gance et du raffinement.Explorez notre gamme et trouvez la jupe en satin noir qui vous permettra de vous d\u00e9marquer avec \u00e9l\u00e9gance.\",\"breadcrumb\":{\"@id\":\"https:\/\/novafemina.com\/?product=jupe-mi-longue-satin-noir#breadcrumb\"},\"inLanguage\":\"fr-FR\",\"potentialAction\":[{\"@type\":\"ReadAction\",\"target\":[\"https:\/\/novafemina.com\/?product=jupe-mi-longue-satin-noir\"]}]},{\"@type\":\"BreadcrumbList\",\"@id\":\"https:\/\/novafemina.com\/?product=jupe-mi-longue-satin-noir#breadcrumb\",\"itemListElement\":[{\"@type\":\"ListItem\",\"position\":1,\"name\":\"Accueil\",\"item\":\"https:\/\/novafemina.com\/\"},{\"@type\":\"ListItem\",\"position\":2,\"name\":\"Boutique\",\"item\":\"https:\/\/novafemina.com\/?page_id=996\"},{\"@type\":\"ListItem\",\"position\":3,\"name\":\"Jupe mi-longue Satin (noir)\"}]},{\"@type\":\"WebSite\",\"@id\":\"https:\/\/novafemina.com\/#website\",\"url\":\"https:\/\/novafemina.com\/\",\"name\":\"edenrosparis.com\",\"description\":\"\",\"publisher\":{\"@id\":\"https:\/\/novafemina.com\/#organization\"},\"potentialAction\":[{\"@type\":\"SearchAction\",\"target\":{\"@type\":\"EntryPoint\",\"urlTemplate\":\"https:\/\/novafemina.com\/?s={search_term_string}\"},\"query-input\":\"required name=search_term_string\"}],\"inLanguage\":\"fr-FR\"},{\"@type\":\"Organization\",\"@id\":\"https:\/\/novafemina.com\/#organization\",\"name\":\"Eden Rose Paris\",\"url\":\"https:\/\/novafemina.com\/\",\"logo\":{\"@type\":\"ImageObject\",\"inLanguage\":\"fr-FR\",\"@id\":\"https:\/\/novafemina.com\/#\/schema\/logo\/image\/\",\"url\":\"https:\/\/novafemina.com\/wp-content\/uploads\/2023\/11\/cropped-v-longue.png\",\"contentUrl\":\"https:\/\/novafemina.com\/wp-content\/uploads\/2023\/11\/cropped-v-longue.png\",\"width\":12327,\"height\":4105,\"caption\":\"Eden Rose Paris\"},\"image\":{\"@id\":\"https:\/\/novafemina.com\/#\/schema\/logo\/image\/\"},\"sameAs\":[\"https:\/\/www.facebook.com\/EDENROSEPARIS\",\"https:\/\/www.instagram.com\/edenrose_paris\/\"]}]}<\/script>\n<!-- \/ Yoast SEO plugin. -->","yoast_head_json":{"title":"Jupe mi-longue Satin (noir) -","description":"D\u00e9couvrez notre collection de jupes mi-longues en satin noir, le symbole ultime de l'\u00e9l\u00e9gance et du raffinement.Explorez notre gamme et trouvez la jupe en satin noir qui vous permettra de vous d\u00e9marquer avec \u00e9l\u00e9gance.","robots":{"index":"index","follow":"follow","max-snippet":"max-snippet:-1","max-image-preview":"max-image-preview:large","max-video-preview":"max-video-preview:-1"},"canonical":"https:\/\/novafemina.com\/?product=jupe-mi-longue-satin-noir","og_locale":"fr_FR","og_type":"article","og_title":"Jupe mi-longue Satin (noir) -","og_description":"D\u00e9couvrez notre collection de jupes mi-longues en satin noir, le symbole ultime de l'\u00e9l\u00e9gance et du raffinement.Explorez notre gamme et trouvez la jupe en satin noir qui vous permettra de vous d\u00e9marquer avec \u00e9l\u00e9gance.","og_url":"https:\/\/novafemina.com\/?product=jupe-mi-longue-satin-noir","article_publisher":"https:\/\/www.facebook.com\/EDENROSEPARIS","article_modified_time":"2024-01-24T15:36:54+00:00","og_image":[{"width":1652,"height":2289,"url":"http:\/\/novafemina.com\/wp-content\/uploads\/2023\/09\/NOIR-SATIN.jpg","type":"image\/jpeg"}],"twitter_card":"summary_large_image","twitter_misc":{"Dur\u00e9e de lecture estim\u00e9e":"1 minute"},"schema":{"@context":"https:\/\/schema.org","@graph":[{"@type":"WebPage","@id":"https:\/\/novafemina.com\/?product=jupe-mi-longue-satin-noir","url":"https:\/\/novafemina.com\/?product=jupe-mi-longue-satin-noir","name":"Jupe mi-longue Satin (noir) -","isPartOf":{"@id":"https:\/\/novafemina.com\/#website"},"datePublished":"2023-09-14T00:56:13+00:00","dateModified":"2024-01-24T15:36:54+00:00","description":"D\u00e9couvrez notre collection de jupes mi-longues en satin noir, le symbole ultime de l'\u00e9l\u00e9gance et du raffinement.Explorez notre gamme et trouvez la jupe en satin noir qui vous permettra de vous d\u00e9marquer avec \u00e9l\u00e9gance.","breadcrumb":{"@id":"https:\/\/novafemina.com\/?product=jupe-mi-longue-satin-noir#breadcrumb"},"inLanguage":"fr-FR","potentialAction":[{"@type":"ReadAction","target":["https:\/\/novafemina.com\/?product=jupe-mi-longue-satin-noir"]}]},{"@type":"BreadcrumbList","@id":"https:\/\/novafemina.com\/?product=jupe-mi-longue-satin-noir#breadcrumb","itemListElement":[{"@type":"ListItem","position":1,"name":"Accueil","item":"https:\/\/novafemina.com\/"},{"@type":"ListItem","position":2,"name":"Boutique","item":"https:\/\/novafemina.com\/?page_id=996"},{"@type":"ListItem","position":3,"name":"Jupe mi-longue Satin (noir)"}]},{"@type":"WebSite","@id":"https:\/\/novafemina.com\/#website","url":"https:\/\/novafemina.com\/","name":"edenrosparis.com","description":"","publisher":{"@id":"https:\/\/novafemina.com\/#organization"},"potentialAction":[{"@type":"SearchAction","target":{"@type":"EntryPoint","urlTemplate":"https:\/\/novafemina.com\/?s={search_term_string}"},"query-input":"required name=search_term_string"}],"inLanguage":"fr-FR"},{"@type":"Organization","@id":"https:\/\/novafemina.com\/#organization","name":"Eden Rose Paris","url":"https:\/\/novafemina.com\/","logo":{"@type":"ImageObject","inLanguage":"fr-FR","@id":"https:\/\/novafemina.com\/#\/schema\/logo\/image\/","url":"https:\/\/novafemina.com\/wp-content\/uploads\/2023\/11\/cropped-v-longue.png","contentUrl":"https:\/\/novafemina.com\/wp-content\/uploads\/2023\/11\/cropped-v-longue.png","width":12327,"height":4105,"caption":"Eden Rose Paris"},"image":{"@id":"https:\/\/novafemina.com\/#\/schema\/logo\/image\/"},"sameAs":["https:\/\/www.facebook.com\/EDENROSEPARIS","https:\/\/www.instagram.com\/edenrose_paris\/"]}]}},"_links":{"self":[{"href":"https:\/\/novafemina.com\/index.php?rest_route=\/wp\/v2\/product\/2580"}],"collection":[{"href":"https:\/\/novafemina.com\/index.php?rest_route=\/wp\/v2\/product"}],"about":[{"href":"https:\/\/novafemina.com\/index.php?rest_route=\/wp\/v2\/types\/product"}],"replies":[{"embeddable":true,"href":"https:\/\/novafemina.com\/index.php?rest_route=%2Fwp%2Fv2%2Fcomments&post=2580"}],"wp:featuredmedia":[{"embeddable":true,"href":"https:\/\/novafemina.com\/index.php?rest_route=\/wp\/v2\/media\/2552"}],"wp:attachment":[{"href":"https:\/\/novafemina.com\/index.php?rest_route=%2Fwp%2Fv2%2Fmedia&parent=2580"}],"wp:term":[{"taxonomy":"product_cat","embeddable":true,"href":"https:\/\/novafemina.com\/index.php?rest_route=%2Fwp%2Fv2%2Fproduct_cat&post=2580"},{"taxonomy":"product_tag","embeddable":true,"href":"https:\/\/novafemina.com\/index.php?rest_route=%2Fwp%2Fv2%2Fproduct_tag&post=2580"}],"curies":[{"name":"wp","href":"https:\/\/api.w.org\/{rel}","templated":true}]}}