{"id":2578,"date":"2023-09-14T02:33:53","date_gmt":"2023-09-14T00:33:53","guid":{"rendered":"https:\/\/novafemina.com\/?post_type=product&#038;p=2578"},"modified":"2024-01-24T16:47:34","modified_gmt":"2024-01-24T15:47:34","slug":"pantalon-tailleur-gris-elephant","status":"publish","type":"product","link":"https:\/\/novafemina.com\/?product=pantalon-tailleur-gris-elephant","title":{"rendered":"Pantalon de Tailleur (gris)"},"content":{"rendered":"<p>D\u00e9couvrez notre pantalon de tailleur gris, l&rsquo;alliance parfaite de l&rsquo;\u00e9l\u00e9gance classique et de la modernit\u00e9. Confectionn\u00e9 dans un tissu de premi\u00e8re qualit\u00e9, ce pantalon offre une coupe sophistiqu\u00e9e et un confort exceptionnel. La couleur grise, sobre et polyvalente, s&rsquo;adapte \u00e0 toutes les occasions, que ce soit au bureau ou pour une sortie chic en ville. Affirmez votre style avec ce pantalon de tailleur gris, une pi\u00e8ce ma\u00eetresse de votre garde-robe professionnelle.<\/p>\n","protected":false},"excerpt":{"rendered":"<p>Le pantalon de tailleur gris : l&rsquo;\u00e9l\u00e9gance professionnelle en toute simplicit\u00e9.<\/p>\n","protected":false},"featured_media":2562,"comment_status":"open","ping_status":"closed","template":"","meta":{"site-sidebar-layout":"default","site-content-layout":"default","ast-global-header-display":"","ast-main-header-display":"","ast-hfb-above-header-display":"","ast-hfb-below-header-display":"","ast-hfb-mobile-header-display":"","site-post-title":"","ast-breadcrumbs-content":"","ast-featured-img":"","footer-sml-layout":"","theme-transparent-header-meta":"default","adv-header-id-meta":"","stick-header-meta":"","header-above-stick-meta":"","header-main-stick-meta":"","header-below-stick-meta":""},"product_cat":[37],"product_tag":[],"yoast_head":"<!-- This site is optimized with the Yoast SEO plugin v21.5 - https:\/\/yoast.com\/wordpress\/plugins\/seo\/ -->\n<title>Pantalon de Tailleur (gris) -<\/title>\n<meta name=\"description\" content=\"La teinte grise intemporelle ajoute une touche de sophistication \u00e0 votre tenue, que ce soit pour le bureau ou une occasion sp\u00e9ciale. Explorez notre collection et trouvez le pantalon de tailleur gris qui refl\u00e8te votre style unique.\" \/>\n<meta name=\"robots\" content=\"index, follow, max-snippet:-1, max-image-preview:large, max-video-preview:-1\" \/>\n<link rel=\"canonical\" href=\"https:\/\/novafemina.com\/?product=pantalon-tailleur-gris-elephant\" \/>\n<meta property=\"og:locale\" content=\"fr_FR\" \/>\n<meta property=\"og:type\" content=\"article\" \/>\n<meta property=\"og:title\" content=\"Pantalon de Tailleur (gris) -\" \/>\n<meta property=\"og:description\" content=\"La teinte grise intemporelle ajoute une touche de sophistication \u00e0 votre tenue, que ce soit pour le bureau ou une occasion sp\u00e9ciale. Explorez notre collection et trouvez le pantalon de tailleur gris qui refl\u00e8te votre style unique.\" \/>\n<meta property=\"og:url\" content=\"https:\/\/novafemina.com\/?product=pantalon-tailleur-gris-elephant\" \/>\n<meta property=\"article:publisher\" content=\"https:\/\/www.facebook.com\/EDENROSEPARIS\" \/>\n<meta property=\"article:modified_time\" content=\"2024-01-24T15:47:34+00:00\" \/>\n<meta property=\"og:image\" content=\"http:\/\/novafemina.com\/wp-content\/uploads\/2023\/09\/GRIS.jpg\" \/>\n\t<meta property=\"og:image:width\" content=\"1621\" \/>\n\t<meta property=\"og:image:height\" content=\"1510\" \/>\n\t<meta property=\"og:image:type\" content=\"image\/jpeg\" \/>\n<meta name=\"twitter:card\" content=\"summary_large_image\" \/>\n<meta name=\"twitter:label1\" content=\"Dur\u00e9e de lecture estim\u00e9e\" \/>\n\t<meta name=\"twitter:data1\" content=\"1 minute\" \/>\n<script type=\"application\/ld+json\" class=\"yoast-schema-graph\">{\"@context\":\"https:\/\/schema.org\",\"@graph\":[{\"@type\":\"WebPage\",\"@id\":\"https:\/\/novafemina.com\/?product=pantalon-tailleur-gris-elephant\",\"url\":\"https:\/\/novafemina.com\/?product=pantalon-tailleur-gris-elephant\",\"name\":\"Pantalon de Tailleur (gris) -\",\"isPartOf\":{\"@id\":\"https:\/\/novafemina.com\/#website\"},\"datePublished\":\"2023-09-14T00:33:53+00:00\",\"dateModified\":\"2024-01-24T15:47:34+00:00\",\"description\":\"La teinte grise intemporelle ajoute une touche de sophistication \u00e0 votre tenue, que ce soit pour le bureau ou une occasion sp\u00e9ciale. Explorez notre collection et trouvez le pantalon de tailleur gris qui refl\u00e8te votre style unique.\",\"breadcrumb\":{\"@id\":\"https:\/\/novafemina.com\/?product=pantalon-tailleur-gris-elephant#breadcrumb\"},\"inLanguage\":\"fr-FR\",\"potentialAction\":[{\"@type\":\"ReadAction\",\"target\":[\"https:\/\/novafemina.com\/?product=pantalon-tailleur-gris-elephant\"]}]},{\"@type\":\"BreadcrumbList\",\"@id\":\"https:\/\/novafemina.com\/?product=pantalon-tailleur-gris-elephant#breadcrumb\",\"itemListElement\":[{\"@type\":\"ListItem\",\"position\":1,\"name\":\"Accueil\",\"item\":\"https:\/\/novafemina.com\/\"},{\"@type\":\"ListItem\",\"position\":2,\"name\":\"Boutique\",\"item\":\"https:\/\/novafemina.com\/?page_id=996\"},{\"@type\":\"ListItem\",\"position\":3,\"name\":\"Pantalon de Tailleur (gris)\"}]},{\"@type\":\"WebSite\",\"@id\":\"https:\/\/novafemina.com\/#website\",\"url\":\"https:\/\/novafemina.com\/\",\"name\":\"edenrosparis.com\",\"description\":\"\",\"publisher\":{\"@id\":\"https:\/\/novafemina.com\/#organization\"},\"potentialAction\":[{\"@type\":\"SearchAction\",\"target\":{\"@type\":\"EntryPoint\",\"urlTemplate\":\"https:\/\/novafemina.com\/?s={search_term_string}\"},\"query-input\":\"required name=search_term_string\"}],\"inLanguage\":\"fr-FR\"},{\"@type\":\"Organization\",\"@id\":\"https:\/\/novafemina.com\/#organization\",\"name\":\"Eden Rose Paris\",\"url\":\"https:\/\/novafemina.com\/\",\"logo\":{\"@type\":\"ImageObject\",\"inLanguage\":\"fr-FR\",\"@id\":\"https:\/\/novafemina.com\/#\/schema\/logo\/image\/\",\"url\":\"https:\/\/novafemina.com\/wp-content\/uploads\/2023\/11\/cropped-v-longue.png\",\"contentUrl\":\"https:\/\/novafemina.com\/wp-content\/uploads\/2023\/11\/cropped-v-longue.png\",\"width\":12327,\"height\":4105,\"caption\":\"Eden Rose Paris\"},\"image\":{\"@id\":\"https:\/\/novafemina.com\/#\/schema\/logo\/image\/\"},\"sameAs\":[\"https:\/\/www.facebook.com\/EDENROSEPARIS\",\"https:\/\/www.instagram.com\/edenrose_paris\/\"]}]}<\/script>\n<!-- \/ Yoast SEO plugin. -->","yoast_head_json":{"title":"Pantalon de Tailleur (gris) -","description":"La teinte grise intemporelle ajoute une touche de sophistication \u00e0 votre tenue, que ce soit pour le bureau ou une occasion sp\u00e9ciale. Explorez notre collection et trouvez le pantalon de tailleur gris qui refl\u00e8te votre style unique.","robots":{"index":"index","follow":"follow","max-snippet":"max-snippet:-1","max-image-preview":"max-image-preview:large","max-video-preview":"max-video-preview:-1"},"canonical":"https:\/\/novafemina.com\/?product=pantalon-tailleur-gris-elephant","og_locale":"fr_FR","og_type":"article","og_title":"Pantalon de Tailleur (gris) -","og_description":"La teinte grise intemporelle ajoute une touche de sophistication \u00e0 votre tenue, que ce soit pour le bureau ou une occasion sp\u00e9ciale. Explorez notre collection et trouvez le pantalon de tailleur gris qui refl\u00e8te votre style unique.","og_url":"https:\/\/novafemina.com\/?product=pantalon-tailleur-gris-elephant","article_publisher":"https:\/\/www.facebook.com\/EDENROSEPARIS","article_modified_time":"2024-01-24T15:47:34+00:00","og_image":[{"width":1621,"height":1510,"url":"http:\/\/novafemina.com\/wp-content\/uploads\/2023\/09\/GRIS.jpg","type":"image\/jpeg"}],"twitter_card":"summary_large_image","twitter_misc":{"Dur\u00e9e de lecture estim\u00e9e":"1 minute"},"schema":{"@context":"https:\/\/schema.org","@graph":[{"@type":"WebPage","@id":"https:\/\/novafemina.com\/?product=pantalon-tailleur-gris-elephant","url":"https:\/\/novafemina.com\/?product=pantalon-tailleur-gris-elephant","name":"Pantalon de Tailleur (gris) -","isPartOf":{"@id":"https:\/\/novafemina.com\/#website"},"datePublished":"2023-09-14T00:33:53+00:00","dateModified":"2024-01-24T15:47:34+00:00","description":"La teinte grise intemporelle ajoute une touche de sophistication \u00e0 votre tenue, que ce soit pour le bureau ou une occasion sp\u00e9ciale. Explorez notre collection et trouvez le pantalon de tailleur gris qui refl\u00e8te votre style unique.","breadcrumb":{"@id":"https:\/\/novafemina.com\/?product=pantalon-tailleur-gris-elephant#breadcrumb"},"inLanguage":"fr-FR","potentialAction":[{"@type":"ReadAction","target":["https:\/\/novafemina.com\/?product=pantalon-tailleur-gris-elephant"]}]},{"@type":"BreadcrumbList","@id":"https:\/\/novafemina.com\/?product=pantalon-tailleur-gris-elephant#breadcrumb","itemListElement":[{"@type":"ListItem","position":1,"name":"Accueil","item":"https:\/\/novafemina.com\/"},{"@type":"ListItem","position":2,"name":"Boutique","item":"https:\/\/novafemina.com\/?page_id=996"},{"@type":"ListItem","position":3,"name":"Pantalon de Tailleur (gris)"}]},{"@type":"WebSite","@id":"https:\/\/novafemina.com\/#website","url":"https:\/\/novafemina.com\/","name":"edenrosparis.com","description":"","publisher":{"@id":"https:\/\/novafemina.com\/#organization"},"potentialAction":[{"@type":"SearchAction","target":{"@type":"EntryPoint","urlTemplate":"https:\/\/novafemina.com\/?s={search_term_string}"},"query-input":"required name=search_term_string"}],"inLanguage":"fr-FR"},{"@type":"Organization","@id":"https:\/\/novafemina.com\/#organization","name":"Eden Rose Paris","url":"https:\/\/novafemina.com\/","logo":{"@type":"ImageObject","inLanguage":"fr-FR","@id":"https:\/\/novafemina.com\/#\/schema\/logo\/image\/","url":"https:\/\/novafemina.com\/wp-content\/uploads\/2023\/11\/cropped-v-longue.png","contentUrl":"https:\/\/novafemina.com\/wp-content\/uploads\/2023\/11\/cropped-v-longue.png","width":12327,"height":4105,"caption":"Eden Rose Paris"},"image":{"@id":"https:\/\/novafemina.com\/#\/schema\/logo\/image\/"},"sameAs":["https:\/\/www.facebook.com\/EDENROSEPARIS","https:\/\/www.instagram.com\/edenrose_paris\/"]}]}},"_links":{"self":[{"href":"https:\/\/novafemina.com\/index.php?rest_route=\/wp\/v2\/product\/2578"}],"collection":[{"href":"https:\/\/novafemina.com\/index.php?rest_route=\/wp\/v2\/product"}],"about":[{"href":"https:\/\/novafemina.com\/index.php?rest_route=\/wp\/v2\/types\/product"}],"replies":[{"embeddable":true,"href":"https:\/\/novafemina.com\/index.php?rest_route=%2Fwp%2Fv2%2Fcomments&post=2578"}],"wp:featuredmedia":[{"embeddable":true,"href":"https:\/\/novafemina.com\/index.php?rest_route=\/wp\/v2\/media\/2562"}],"wp:attachment":[{"href":"https:\/\/novafemina.com\/index.php?rest_route=%2Fwp%2Fv2%2Fmedia&parent=2578"}],"wp:term":[{"taxonomy":"product_cat","embeddable":true,"href":"https:\/\/novafemina.com\/index.php?rest_route=%2Fwp%2Fv2%2Fproduct_cat&post=2578"},{"taxonomy":"product_tag","embeddable":true,"href":"https:\/\/novafemina.com\/index.php?rest_route=%2Fwp%2Fv2%2Fproduct_tag&post=2578"}],"curies":[{"name":"wp","href":"https:\/\/api.w.org\/{rel}","templated":true}]}}