{"id":2568,"date":"2023-09-14T00:06:51","date_gmt":"2023-09-13T22:06:51","guid":{"rendered":"https:\/\/novafemina.com\/?post_type=product&#038;p=2568"},"modified":"2024-08-09T17:06:29","modified_gmt":"2024-08-09T15:06:29","slug":"veste-courte-noir-echarpe-laine","status":"publish","type":"product","link":"https:\/\/novafemina.com\/?product=veste-courte-noir-echarpe-laine","title":{"rendered":"Veste courte (noir)"},"content":{"rendered":"<p>D\u00e9couvrez notre veste noire courte en laine, accompagn\u00e9e d&rsquo;une \u00e9charpe assortie pour un look complet et \u00e9l\u00e9gant. Cette veste allie chaleur et style avec sa laine de qualit\u00e9, tandis que l&rsquo;\u00e9charpe ajoute une touche de sophistication. Id\u00e9ale pour les jours plus frais, cette veste est le choix parfait pour rester au chaud tout en restant chic et tendance.<\/p>\n","protected":false},"excerpt":{"rendered":"<p>Une veste courte en laine noire : la quintessence du style et de la chaleur. Confectionn\u00e9e avec une laine de qualit\u00e9, cette veste vous garde confortablement au chaud tout en ajoutant une touche de sophistication \u00e0 votre tenue.<\/p>\n","protected":false},"featured_media":2526,"comment_status":"open","ping_status":"closed","template":"","meta":{"site-sidebar-layout":"default","site-content-layout":"default","ast-global-header-display":"","ast-main-header-display":"","ast-hfb-above-header-display":"","ast-hfb-below-header-display":"","ast-hfb-mobile-header-display":"","site-post-title":"","ast-breadcrumbs-content":"","ast-featured-img":"","footer-sml-layout":"","theme-transparent-header-meta":"default","adv-header-id-meta":"","stick-header-meta":"","header-above-stick-meta":"","header-main-stick-meta":"","header-below-stick-meta":""},"product_cat":[41],"product_tag":[],"yoast_head":"<!-- This site is optimized with the Yoast SEO plugin v21.5 - https:\/\/yoast.com\/wordpress\/plugins\/seo\/ -->\n<title>Veste courte (noir) -<\/title>\n<meta name=\"description\" content=\"Notre veste courte en laine noire, la fusion parfaite de l&#039;\u00e9l\u00e9gance et de la chaleur. Con\u00e7ue pour vous garder au chaud tout en vous offrant un style in\u00e9gal\u00e9, cette veste est un essentiel de l&#039;hiver. Affirmez votre style avec notre veste en laine noire, symbole de confort et de sophistication.\" \/>\n<meta name=\"robots\" content=\"index, follow, max-snippet:-1, max-image-preview:large, max-video-preview:-1\" \/>\n<link rel=\"canonical\" href=\"https:\/\/novafemina.com\/?product=veste-courte-noir-echarpe-laine\" \/>\n<meta property=\"og:locale\" content=\"fr_FR\" \/>\n<meta property=\"og:type\" content=\"article\" \/>\n<meta property=\"og:title\" content=\"Veste courte (noir) -\" \/>\n<meta property=\"og:description\" content=\"Notre veste courte en laine noire, la fusion parfaite de l&#039;\u00e9l\u00e9gance et de la chaleur. Con\u00e7ue pour vous garder au chaud tout en vous offrant un style in\u00e9gal\u00e9, cette veste est un essentiel de l&#039;hiver. Affirmez votre style avec notre veste en laine noire, symbole de confort et de sophistication.\" \/>\n<meta property=\"og:url\" content=\"https:\/\/novafemina.com\/?product=veste-courte-noir-echarpe-laine\" \/>\n<meta property=\"article:publisher\" content=\"https:\/\/www.facebook.com\/EDENROSEPARIS\" \/>\n<meta property=\"article:modified_time\" content=\"2024-08-09T15:06:29+00:00\" \/>\n<meta property=\"og:image\" content=\"http:\/\/novafemina.com\/wp-content\/uploads\/2023\/09\/noir-courte.jpg\" \/>\n\t<meta property=\"og:image:width\" content=\"2473\" \/>\n\t<meta property=\"og:image:height\" content=\"1830\" \/>\n\t<meta property=\"og:image:type\" content=\"image\/jpeg\" \/>\n<meta name=\"twitter:card\" content=\"summary_large_image\" \/>\n<meta name=\"twitter:label1\" content=\"Dur\u00e9e de lecture estim\u00e9e\" \/>\n\t<meta name=\"twitter:data1\" content=\"1 minute\" \/>\n<script type=\"application\/ld+json\" class=\"yoast-schema-graph\">{\"@context\":\"https:\/\/schema.org\",\"@graph\":[{\"@type\":\"WebPage\",\"@id\":\"https:\/\/novafemina.com\/?product=veste-courte-noir-echarpe-laine\",\"url\":\"https:\/\/novafemina.com\/?product=veste-courte-noir-echarpe-laine\",\"name\":\"Veste courte (noir) -\",\"isPartOf\":{\"@id\":\"https:\/\/novafemina.com\/#website\"},\"datePublished\":\"2023-09-13T22:06:51+00:00\",\"dateModified\":\"2024-08-09T15:06:29+00:00\",\"description\":\"Notre veste courte en laine noire, la fusion parfaite de l'\u00e9l\u00e9gance et de la chaleur. Con\u00e7ue pour vous garder au chaud tout en vous offrant un style in\u00e9gal\u00e9, cette veste est un essentiel de l'hiver. Affirmez votre style avec notre veste en laine noire, symbole de confort et de sophistication.\",\"breadcrumb\":{\"@id\":\"https:\/\/novafemina.com\/?product=veste-courte-noir-echarpe-laine#breadcrumb\"},\"inLanguage\":\"fr-FR\",\"potentialAction\":[{\"@type\":\"ReadAction\",\"target\":[\"https:\/\/novafemina.com\/?product=veste-courte-noir-echarpe-laine\"]}]},{\"@type\":\"BreadcrumbList\",\"@id\":\"https:\/\/novafemina.com\/?product=veste-courte-noir-echarpe-laine#breadcrumb\",\"itemListElement\":[{\"@type\":\"ListItem\",\"position\":1,\"name\":\"Accueil\",\"item\":\"https:\/\/novafemina.com\/\"},{\"@type\":\"ListItem\",\"position\":2,\"name\":\"Boutique\",\"item\":\"https:\/\/novafemina.com\/?page_id=996\"},{\"@type\":\"ListItem\",\"position\":3,\"name\":\"Veste courte (noir)\"}]},{\"@type\":\"WebSite\",\"@id\":\"https:\/\/novafemina.com\/#website\",\"url\":\"https:\/\/novafemina.com\/\",\"name\":\"edenrosparis.com\",\"description\":\"\",\"publisher\":{\"@id\":\"https:\/\/novafemina.com\/#organization\"},\"potentialAction\":[{\"@type\":\"SearchAction\",\"target\":{\"@type\":\"EntryPoint\",\"urlTemplate\":\"https:\/\/novafemina.com\/?s={search_term_string}\"},\"query-input\":\"required name=search_term_string\"}],\"inLanguage\":\"fr-FR\"},{\"@type\":\"Organization\",\"@id\":\"https:\/\/novafemina.com\/#organization\",\"name\":\"Eden Rose Paris\",\"url\":\"https:\/\/novafemina.com\/\",\"logo\":{\"@type\":\"ImageObject\",\"inLanguage\":\"fr-FR\",\"@id\":\"https:\/\/novafemina.com\/#\/schema\/logo\/image\/\",\"url\":\"https:\/\/novafemina.com\/wp-content\/uploads\/2023\/11\/cropped-v-longue.png\",\"contentUrl\":\"https:\/\/novafemina.com\/wp-content\/uploads\/2023\/11\/cropped-v-longue.png\",\"width\":12327,\"height\":4105,\"caption\":\"Eden Rose Paris\"},\"image\":{\"@id\":\"https:\/\/novafemina.com\/#\/schema\/logo\/image\/\"},\"sameAs\":[\"https:\/\/www.facebook.com\/EDENROSEPARIS\",\"https:\/\/www.instagram.com\/edenrose_paris\/\"]}]}<\/script>\n<!-- \/ Yoast SEO plugin. -->","yoast_head_json":{"title":"Veste courte (noir) -","description":"Notre veste courte en laine noire, la fusion parfaite de l'\u00e9l\u00e9gance et de la chaleur. Con\u00e7ue pour vous garder au chaud tout en vous offrant un style in\u00e9gal\u00e9, cette veste est un essentiel de l'hiver. Affirmez votre style avec notre veste en laine noire, symbole de confort et de sophistication.","robots":{"index":"index","follow":"follow","max-snippet":"max-snippet:-1","max-image-preview":"max-image-preview:large","max-video-preview":"max-video-preview:-1"},"canonical":"https:\/\/novafemina.com\/?product=veste-courte-noir-echarpe-laine","og_locale":"fr_FR","og_type":"article","og_title":"Veste courte (noir) -","og_description":"Notre veste courte en laine noire, la fusion parfaite de l'\u00e9l\u00e9gance et de la chaleur. Con\u00e7ue pour vous garder au chaud tout en vous offrant un style in\u00e9gal\u00e9, cette veste est un essentiel de l'hiver. Affirmez votre style avec notre veste en laine noire, symbole de confort et de sophistication.","og_url":"https:\/\/novafemina.com\/?product=veste-courte-noir-echarpe-laine","article_publisher":"https:\/\/www.facebook.com\/EDENROSEPARIS","article_modified_time":"2024-08-09T15:06:29+00:00","og_image":[{"width":2473,"height":1830,"url":"http:\/\/novafemina.com\/wp-content\/uploads\/2023\/09\/noir-courte.jpg","type":"image\/jpeg"}],"twitter_card":"summary_large_image","twitter_misc":{"Dur\u00e9e de lecture estim\u00e9e":"1 minute"},"schema":{"@context":"https:\/\/schema.org","@graph":[{"@type":"WebPage","@id":"https:\/\/novafemina.com\/?product=veste-courte-noir-echarpe-laine","url":"https:\/\/novafemina.com\/?product=veste-courte-noir-echarpe-laine","name":"Veste courte (noir) -","isPartOf":{"@id":"https:\/\/novafemina.com\/#website"},"datePublished":"2023-09-13T22:06:51+00:00","dateModified":"2024-08-09T15:06:29+00:00","description":"Notre veste courte en laine noire, la fusion parfaite de l'\u00e9l\u00e9gance et de la chaleur. Con\u00e7ue pour vous garder au chaud tout en vous offrant un style in\u00e9gal\u00e9, cette veste est un essentiel de l'hiver. Affirmez votre style avec notre veste en laine noire, symbole de confort et de sophistication.","breadcrumb":{"@id":"https:\/\/novafemina.com\/?product=veste-courte-noir-echarpe-laine#breadcrumb"},"inLanguage":"fr-FR","potentialAction":[{"@type":"ReadAction","target":["https:\/\/novafemina.com\/?product=veste-courte-noir-echarpe-laine"]}]},{"@type":"BreadcrumbList","@id":"https:\/\/novafemina.com\/?product=veste-courte-noir-echarpe-laine#breadcrumb","itemListElement":[{"@type":"ListItem","position":1,"name":"Accueil","item":"https:\/\/novafemina.com\/"},{"@type":"ListItem","position":2,"name":"Boutique","item":"https:\/\/novafemina.com\/?page_id=996"},{"@type":"ListItem","position":3,"name":"Veste courte (noir)"}]},{"@type":"WebSite","@id":"https:\/\/novafemina.com\/#website","url":"https:\/\/novafemina.com\/","name":"edenrosparis.com","description":"","publisher":{"@id":"https:\/\/novafemina.com\/#organization"},"potentialAction":[{"@type":"SearchAction","target":{"@type":"EntryPoint","urlTemplate":"https:\/\/novafemina.com\/?s={search_term_string}"},"query-input":"required name=search_term_string"}],"inLanguage":"fr-FR"},{"@type":"Organization","@id":"https:\/\/novafemina.com\/#organization","name":"Eden Rose Paris","url":"https:\/\/novafemina.com\/","logo":{"@type":"ImageObject","inLanguage":"fr-FR","@id":"https:\/\/novafemina.com\/#\/schema\/logo\/image\/","url":"https:\/\/novafemina.com\/wp-content\/uploads\/2023\/11\/cropped-v-longue.png","contentUrl":"https:\/\/novafemina.com\/wp-content\/uploads\/2023\/11\/cropped-v-longue.png","width":12327,"height":4105,"caption":"Eden Rose Paris"},"image":{"@id":"https:\/\/novafemina.com\/#\/schema\/logo\/image\/"},"sameAs":["https:\/\/www.facebook.com\/EDENROSEPARIS","https:\/\/www.instagram.com\/edenrose_paris\/"]}]}},"_links":{"self":[{"href":"https:\/\/novafemina.com\/index.php?rest_route=\/wp\/v2\/product\/2568"}],"collection":[{"href":"https:\/\/novafemina.com\/index.php?rest_route=\/wp\/v2\/product"}],"about":[{"href":"https:\/\/novafemina.com\/index.php?rest_route=\/wp\/v2\/types\/product"}],"replies":[{"embeddable":true,"href":"https:\/\/novafemina.com\/index.php?rest_route=%2Fwp%2Fv2%2Fcomments&post=2568"}],"wp:featuredmedia":[{"embeddable":true,"href":"https:\/\/novafemina.com\/index.php?rest_route=\/wp\/v2\/media\/2526"}],"wp:attachment":[{"href":"https:\/\/novafemina.com\/index.php?rest_route=%2Fwp%2Fv2%2Fmedia&parent=2568"}],"wp:term":[{"taxonomy":"product_cat","embeddable":true,"href":"https:\/\/novafemina.com\/index.php?rest_route=%2Fwp%2Fv2%2Fproduct_cat&post=2568"},{"taxonomy":"product_tag","embeddable":true,"href":"https:\/\/novafemina.com\/index.php?rest_route=%2Fwp%2Fv2%2Fproduct_tag&post=2568"}],"curies":[{"name":"wp","href":"https:\/\/api.w.org\/{rel}","templated":true}]}}